{"id":12,"date":"2014-04-23T12:14:48","date_gmt":"2014-04-23T10:14:48","guid":{"rendered":"https:\/\/www.vivia.at\/web\/?page_id=12"},"modified":"2021-09-06T18:14:30","modified_gmt":"2021-09-06T16:14:30","slug":"supervision","status":"publish","type":"page","link":"https:\/\/www.vivia.at\/web\/angebote\/angebot-von-dr-siegfried-kreiner\/supervision\/","title":{"rendered":"Supervision"},"content":{"rendered":"<p class=\"bodytext\" style=\"color: #70695a;\">In der Supervision geht es um eine\u00a0<strong>professionelle Beziehungs<\/strong>&#8211;\u00a0<strong>und Beratungsarbeit<\/strong>; damit Fachleute ihre beruflichen Probleme besser handhaben k\u00f6nnen, ihre Handlungskompetenz weiterentwickeln und die\u00a0<strong>Qualit\u00e4t ihrer Arbeit verbessern und sichern k\u00f6nnen.<\/strong><\/p>\n<p class=\"bodytext\" style=\"color: #70695a;\">\n<p class=\"bodytext\" style=\"color: #70695a;\"><strong>Die Supervision erm\u00f6glicht u.a.:<\/strong><\/p>\n<ul style=\"color: #70695a;\">\n<li>Entscheidungshilfen f\u00fcr das Gestalten von beruflichen Aufgaben<\/li>\n<li>Reflexion und Kl\u00e4rung von Funktionen und Rollen<\/li>\n<li>Entdecken und Erweitern pers\u00f6nlicher Ressourcen und Probleml\u00f6sungskapazit\u00e4ten<\/li>\n<li>Begleitung und Hilfestellung bei belastenden Konflikten und Arbeitssituationen sowie in Ver\u00e4nderungsprozessen<\/li>\n<li>Unterst\u00fctzung und Entwicklung von Strategien zur Vermeidung von Burnout und Mobbing<\/li>\n<\/ul>\n<p class=\"bodytext\" style=\"color: #70695a;\">\n<p class=\"bodytext\" style=\"color: #70695a;\">Die Supervision wird von mir als<\/p>\n<ul style=\"color: #70695a;\">\n<li>Einzelsupervision<\/li>\n<li>Gruppensupervision<\/li>\n<li>Teamsupervision<\/li>\n<\/ul>\n<p class=\"bodytext\" style=\"color: #70695a;\">angeboten.<\/p>\n","protected":false},"excerpt":{"rendered":"<p>In der Supervision geht es um eine\u00a0professionelle Beziehungs&#8211;\u00a0und Beratungsarbeit; damit Fachleute ihre beruflichen Probleme besser handhaben k\u00f6nnen, ihre Handlungskompetenz weiterentwickeln und die\u00a0Qualit\u00e4t ihrer Arbeit verbessern und sichern k\u00f6nnen. Die Supervision erm\u00f6glicht u.a.: Entscheidungshilfen f\u00fcr das Gestalten von beruflichen Aufgaben Reflexion und Kl\u00e4rung von Funktionen und Rollen Entdecken und Erweitern pers\u00f6nlicher Ressourcen und Probleml\u00f6sungskapazit\u00e4ten Begleitung und [&hellip;]<\/p>\n","protected":false},"author":1,"featured_media":0,"parent":338,"menu_order":2,"comment_status":"closed","ping_status":"closed","template":"","meta":{"footnotes":""},"class_list":["post-12","page","type-page","status-publish","hentry"],"_links":{"self":[{"href":"https:\/\/www.vivia.at\/web\/wp-json\/wp\/v2\/pages\/12","targetHints":{"allow":["GET"]}}],"collection":[{"href":"https:\/\/www.vivia.at\/web\/wp-json\/wp\/v2\/pages"}],"about":[{"href":"https:\/\/www.vivia.at\/web\/wp-json\/wp\/v2\/types\/page"}],"author":[{"embeddable":true,"href":"https:\/\/www.vivia.at\/web\/wp-json\/wp\/v2\/users\/1"}],"replies":[{"embeddable":true,"href":"https:\/\/www.vivia.at\/web\/wp-json\/wp\/v2\/comments?post=12"}],"version-history":[{"count":2,"href":"https:\/\/www.vivia.at\/web\/wp-json\/wp\/v2\/pages\/12\/revisions"}],"predecessor-version":[{"id":48,"href":"https:\/\/www.vivia.at\/web\/wp-json\/wp\/v2\/pages\/12\/revisions\/48"}],"up":[{"embeddable":true,"href":"https:\/\/www.vivia.at\/web\/wp-json\/wp\/v2\/pages\/338"}],"wp:attachment":[{"href":"https:\/\/www.vivia.at\/web\/wp-json\/wp\/v2\/media?parent=12"}],"curies":[{"name":"wp","href":"https:\/\/api.w.org\/{rel}","templated":true}]}}