{"id":16,"date":"2014-04-23T12:15:21","date_gmt":"2014-04-23T10:15:21","guid":{"rendered":"https:\/\/www.vivia.at\/web\/?page_id=16"},"modified":"2023-02-14T08:24:21","modified_gmt":"2023-02-14T07:24:21","slug":"praxis","status":"publish","type":"page","link":"https:\/\/www.vivia.at\/web\/praxis\/","title":{"rendered":"Praxis"},"content":{"rendered":"<ul>\r\n<li>\r\n<div class=\"\">Die psychotherapeutische Praxis befindet sich in einer ruhigen Wohngegend im Norden von Villach, in der N\u00e4he des Vassacher Sees.<\/div>\r\n<\/li>\r\n<li>\r\n<div class=\"\">Sie ist sowohl zu Fu\u00df (20 Minuten Gehzeit vom Hauptbahnhof Villach) als auch mit \u00f6ffentlichen Verkehrsmitteln (z.B. Villacher Stadtbus Linie 2 und 7) oder mit dem eigenen Fahrzeug (B 94) gut erreichbar.<\/div>\r\n<\/li>\r\n<li>\r\n<div class=\"\">Kostenlose Parkpl\u00e4tze sind vorhanden.<\/div>\r\n<\/li>\r\n<\/ul>\r\n<p style=\"text-align: center;\"><a href=\"https:\/\/www.vivia.at\/web\/wp-content\/uploads\/2014\/04\/slider1b.jpg\"><img loading=\"lazy\" decoding=\"async\" class=\"alignnone wp-image-221 size-medium\" src=\"https:\/\/www.vivia.at\/web\/wp-content\/uploads\/2014\/04\/slider1b-300x110.jpg\" alt=\"\" width=\"300\" height=\"110\" srcset=\"https:\/\/www.vivia.at\/web\/wp-content\/uploads\/2014\/04\/slider1b-300x110.jpg 300w, https:\/\/www.vivia.at\/web\/wp-content\/uploads\/2014\/04\/slider1b-768x282.jpg 768w, https:\/\/www.vivia.at\/web\/wp-content\/uploads\/2014\/04\/slider1b-1024x376.jpg 1024w, https:\/\/www.vivia.at\/web\/wp-content\/uploads\/2014\/04\/slider1b.jpg 1090w\" sizes=\"auto, (max-width: 300px) 100vw, 300px\" \/><\/a><a href=\"https:\/\/www.vivia.at\/web\/wp-content\/uploads\/2014\/04\/praxis1.jpg\">\u00a0<\/a><br \/><a href=\"https:\/\/www.vivia.at\/web\/wp-content\/uploads\/2014\/04\/slider3-1.jpg\"><img loading=\"lazy\" decoding=\"async\" class=\"alignnone wp-image-223 size-medium\" src=\"https:\/\/www.vivia.at\/web\/wp-content\/uploads\/2014\/04\/slider3-1-300x110.jpg\" alt=\"\" width=\"300\" height=\"110\" srcset=\"https:\/\/www.vivia.at\/web\/wp-content\/uploads\/2014\/04\/slider3-1-300x110.jpg 300w, https:\/\/www.vivia.at\/web\/wp-content\/uploads\/2014\/04\/slider3-1-768x282.jpg 768w, https:\/\/www.vivia.at\/web\/wp-content\/uploads\/2014\/04\/slider3-1-1024x376.jpg 1024w, https:\/\/www.vivia.at\/web\/wp-content\/uploads\/2014\/04\/slider3-1.jpg 1090w\" sizes=\"auto, (max-width: 300px) 100vw, 300px\" \/><\/a><br \/><a href=\"https:\/\/www.vivia.at\/web\/wp-content\/uploads\/2020\/01\/slider1a-1.jpg\"><img loading=\"lazy\" decoding=\"async\" class=\"alignnone wp-image-278 size-medium\" src=\"https:\/\/www.vivia.at\/web\/wp-content\/uploads\/2020\/01\/slider1a-1-300x110.jpg\" alt=\"\" width=\"300\" height=\"110\" srcset=\"https:\/\/www.vivia.at\/web\/wp-content\/uploads\/2020\/01\/slider1a-1-300x110.jpg 300w, https:\/\/www.vivia.at\/web\/wp-content\/uploads\/2020\/01\/slider1a-1-768x282.jpg 768w, https:\/\/www.vivia.at\/web\/wp-content\/uploads\/2020\/01\/slider1a-1-1024x376.jpg 1024w, https:\/\/www.vivia.at\/web\/wp-content\/uploads\/2020\/01\/slider1a-1.jpg 1090w\" sizes=\"auto, (max-width: 300px) 100vw, 300px\" \/><\/a><a style=\"font-size: inherit;\" href=\"https:\/\/www.vivia.at\/web\/wp-content\/uploads\/2014\/04\/praxis1.jpg\">\u00a0<\/a><a href=\"https:\/\/www.vivia.at\/web\/wp-content\/uploads\/2014\/04\/slider3-1.jpg\"><br \/><\/a><a href=\"https:\/\/www.vivia.at\/web\/wp-content\/uploads\/2014\/04\/slider4.jpg\"><img loading=\"lazy\" decoding=\"async\" class=\"alignnone wp-image-36 size-medium\" src=\"https:\/\/www.vivia.at\/web\/wp-content\/uploads\/2014\/04\/slider4-300x110.jpg\" alt=\"\" width=\"300\" height=\"110\" srcset=\"https:\/\/www.vivia.at\/web\/wp-content\/uploads\/2014\/04\/slider4-300x110.jpg 300w, https:\/\/www.vivia.at\/web\/wp-content\/uploads\/2014\/04\/slider4-1024x375.jpg 1024w, https:\/\/www.vivia.at\/web\/wp-content\/uploads\/2014\/04\/slider4.jpg 1090w\" sizes=\"auto, (max-width: 300px) 100vw, 300px\" \/><\/a><a href=\"https:\/\/www.vivia.at\/web\/wp-content\/uploads\/2020\/01\/slider1a.jpg\"><br \/><\/a><a href=\"https:\/\/www.vivia.at\/web\/wp-content\/uploads\/2020\/01\/slider6-1.jpg\"><img loading=\"lazy\" decoding=\"async\" class=\"alignnone wp-image-280 size-medium\" src=\"https:\/\/www.vivia.at\/web\/wp-content\/uploads\/2020\/01\/slider6-1-300x110.jpg\" alt=\"\" width=\"300\" height=\"110\" srcset=\"https:\/\/www.vivia.at\/web\/wp-content\/uploads\/2020\/01\/slider6-1-300x110.jpg 300w, https:\/\/www.vivia.at\/web\/wp-content\/uploads\/2020\/01\/slider6-1-768x282.jpg 768w, https:\/\/www.vivia.at\/web\/wp-content\/uploads\/2020\/01\/slider6-1-1024x376.jpg 1024w, https:\/\/www.vivia.at\/web\/wp-content\/uploads\/2020\/01\/slider6-1.jpg 1090w\" sizes=\"auto, (max-width: 300px) 100vw, 300px\" \/><\/a><\/p>\r\n\r\n<p>&nbsp;<\/p>\r\n","protected":false},"excerpt":{"rendered":"<p>Die psychotherapeutische Praxis befindet sich in einer ruhigen Wohngegend im Norden von Villach, in der N\u00e4he des Vassacher Sees. Sie ist sowohl zu Fu\u00df (20 Minuten Gehzeit vom Hauptbahnhof Villach) als auch mit \u00f6ffentlichen Verkehrsmitteln (z.B. Villacher Stadtbus Linie 2 und 7) oder mit dem eigenen Fahrzeug (B 94) gut erreichbar. Kostenlose Parkpl\u00e4tze sind vorhanden. [&hellip;]<\/p>\n","protected":false},"author":1,"featured_media":0,"parent":0,"menu_order":3,"comment_status":"closed","ping_status":"closed","template":"","meta":{"footnotes":""},"class_list":["post-16","page","type-page","status-publish","hentry"],"_links":{"self":[{"href":"https:\/\/www.vivia.at\/web\/wp-json\/wp\/v2\/pages\/16","targetHints":{"allow":["GET"]}}],"collection":[{"href":"https:\/\/www.vivia.at\/web\/wp-json\/wp\/v2\/pages"}],"about":[{"href":"https:\/\/www.vivia.at\/web\/wp-json\/wp\/v2\/types\/page"}],"author":[{"embeddable":true,"href":"https:\/\/www.vivia.at\/web\/wp-json\/wp\/v2\/users\/1"}],"replies":[{"embeddable":true,"href":"https:\/\/www.vivia.at\/web\/wp-json\/wp\/v2\/comments?post=16"}],"version-history":[{"count":25,"href":"https:\/\/www.vivia.at\/web\/wp-json\/wp\/v2\/pages\/16\/revisions"}],"predecessor-version":[{"id":383,"href":"https:\/\/www.vivia.at\/web\/wp-json\/wp\/v2\/pages\/16\/revisions\/383"}],"wp:attachment":[{"href":"https:\/\/www.vivia.at\/web\/wp-json\/wp\/v2\/media?parent=16"}],"curies":[{"name":"wp","href":"https:\/\/api.w.org\/{rel}","templated":true}]}}