{"id":9,"date":"2014-04-23T12:13:59","date_gmt":"2014-04-23T10:13:59","guid":{"rendered":"https:\/\/www.vivia.at\/web\/?page_id=9"},"modified":"2021-09-06T18:14:34","modified_gmt":"2021-09-06T16:14:34","slug":"psychotherapie","status":"publish","type":"page","link":"https:\/\/www.vivia.at\/web\/angebote\/angebot-von-dr-siegfried-kreiner\/psychotherapie\/","title":{"rendered":"Psychotherapie"},"content":{"rendered":"<h2 style=\"color: #70695a;\">Ziele der Psychotherapie<\/h2>\n<p class=\"bodytext\" style=\"color: #70695a;\">In der Psychotherapie geht es um\u00a0<strong>Beseitigung, Ver\u00e4nderung\u00a0<\/strong>oder\u00a0<strong>Verminderung<\/strong>\u00a0von\u00a0<strong>st\u00f6renden Symptomen und Leidenszust\u00e4nden<\/strong>, um die\u00a0<strong>Gesundheit und Entwicklung<\/strong>\u00a0zu\u00a0<strong>unterst\u00fctzen und zu f\u00f6rdern<\/strong>.<\/p>\n<p class=\"bodytext\" style=\"color: #70695a;\">Unter dem Einsatz von wissenschaftlich anerkannten Methoden werden die KlientInnen auf ihrem Weg begleitet und gest\u00fctzt.<\/p>\n<p class=\"bodytext\" style=\"color: #70695a;\">Psychotherapie erm\u00f6glicht es, neue Erfahrungen zu machen, alte Beschr\u00e4nkungen aufzuheben und innere Ressourcen und Potentiale zu entdecken und zu verst\u00e4rken.<\/p>\n<h2 style=\"color: #70695a;\">Angebote der Psychotherapie<\/h2>\n<p class=\"bodytext\" style=\"color: #70695a;\">Hilfe bei:<\/p>\n<ul style=\"color: #70695a;\">\n<li>Depressionen<\/li>\n<li>Angstst\u00f6rungen<\/li>\n<li>psychosomatischen Beschwerden und Erkrankungen<\/li>\n<li>Pers\u00f6nlichkeitsst\u00f6rungen<\/li>\n<li>Abh\u00e4ngigkeitserkrankungen<\/li>\n<li>Lebens- und Sinnkrisen<\/li>\n<li>Traumafolgest\u00f6rungen<\/li>\n<li>Essst\u00f6rungen<\/li>\n<li>Partner- und Familienproblemen<\/li>\n<li>Sexualst\u00f6rungen<\/li>\n<li>emotionalen und sozialen St\u00f6rungen<\/li>\n<\/ul>\n<h2 style=\"color: #70695a;\">Methoden der Psychotherapie<\/h2>\n<p class=\"bodytext\" style=\"color: #70695a;\">Die Psychotherapie ist ein staatlich anerkanntes Heilverfahren und arbeitet mit modernen wissenschaftlichen Methoden.<\/p>\n<p class=\"bodytext\" style=\"color: #70695a;\">In meiner Arbeit betone ich den ganzheitlichen Ansatz und verwende mehrere fundierte Methoden:<\/p>\n<ul style=\"color: #70695a;\">\n<li>die Katathym Imaginative Psychotherapie<\/li>\n<li>die K\u00f6rperpsychotherapie (Bioenergetische Analyse)<\/li>\n<li>die Traumatherapien<\/li>\n<li>verschiedene Entspannungstechniken<\/li>\n<li>Klinische Hypnotherapie<\/li>\n<\/ul>\n<h2 style=\"color: #70695a;\"><\/h2>\n<h2 style=\"color: #70695a;\">Setting in der Psychotherapie<\/h2>\n<ul style=\"color: #70695a;\">\n<li>Einzeltherapie<\/li>\n<li>Paartherapie<\/li>\n<li>Familientherapie<\/li>\n<li>Gruppentherapie<\/li>\n<\/ul>\n<h2 style=\"color: #70695a;\">Zielgruppe<\/h2>\n<ul style=\"color: #70695a;\">\n<li>Erwachsene<\/li>\n<li>Jugendliche<\/li>\n<\/ul>\n","protected":false},"excerpt":{"rendered":"<p>Ziele der Psychotherapie In der Psychotherapie geht es um\u00a0Beseitigung, Ver\u00e4nderung\u00a0oder\u00a0Verminderung\u00a0von\u00a0st\u00f6renden Symptomen und Leidenszust\u00e4nden, um die\u00a0Gesundheit und Entwicklung\u00a0zu\u00a0unterst\u00fctzen und zu f\u00f6rdern. Unter dem Einsatz von wissenschaftlich anerkannten Methoden werden die KlientInnen auf ihrem Weg begleitet und gest\u00fctzt. Psychotherapie erm\u00f6glicht es, neue Erfahrungen zu machen, alte Beschr\u00e4nkungen aufzuheben und innere Ressourcen und Potentiale zu entdecken und zu [&hellip;]<\/p>\n","protected":false},"author":1,"featured_media":0,"parent":338,"menu_order":1,"comment_status":"closed","ping_status":"closed","template":"","meta":{"footnotes":""},"class_list":["post-9","page","type-page","status-publish","hentry"],"_links":{"self":[{"href":"https:\/\/www.vivia.at\/web\/wp-json\/wp\/v2\/pages\/9","targetHints":{"allow":["GET"]}}],"collection":[{"href":"https:\/\/www.vivia.at\/web\/wp-json\/wp\/v2\/pages"}],"about":[{"href":"https:\/\/www.vivia.at\/web\/wp-json\/wp\/v2\/types\/page"}],"author":[{"embeddable":true,"href":"https:\/\/www.vivia.at\/web\/wp-json\/wp\/v2\/users\/1"}],"replies":[{"embeddable":true,"href":"https:\/\/www.vivia.at\/web\/wp-json\/wp\/v2\/comments?post=9"}],"version-history":[{"count":11,"href":"https:\/\/www.vivia.at\/web\/wp-json\/wp\/v2\/pages\/9\/revisions"}],"predecessor-version":[{"id":210,"href":"https:\/\/www.vivia.at\/web\/wp-json\/wp\/v2\/pages\/9\/revisions\/210"}],"up":[{"embeddable":true,"href":"https:\/\/www.vivia.at\/web\/wp-json\/wp\/v2\/pages\/338"}],"wp:attachment":[{"href":"https:\/\/www.vivia.at\/web\/wp-json\/wp\/v2\/media?parent=9"}],"curies":[{"name":"wp","href":"https:\/\/api.w.org\/{rel}","templated":true}]}}